{"id":16596,"date":"2018-03-16T01:06:25","date_gmt":"2018-03-16T01:06:25","guid":{"rendered":"https:\/\/www.ispm-service.com\/?page_id=16596"},"modified":"2018-06-07T00:32:34","modified_gmt":"2018-06-07T00:32:34","slug":"noticias","status":"publish","type":"page","link":"https:\/\/www.ispm-service.com\/fr\/noticias\/","title":{"rendered":"Nouvelles"},"content":{"rendered":"<div class=\"wpb-content-wrapper\"><p>[vc_row css_animation=\u00a0\u00bb\u00a0\u00bb row_type=\u00a0\u00bbrow\u00a0\u00bb use_row_as_full_screen_section=\u00a0\u00bbno\u00a0\u00bb type=\u00a0\u00bbfull_width\u00a0\u00bb angled_section=\u00a0\u00bbno\u00a0\u00bb text_align=\u00a0\u00bbleft\u00a0\u00bb background_image_as_pattern=\u00a0\u00bbwithout_pattern\u00a0\u00bb][vc_column][vc_column_text]<\/p>\n<h2 class=\"titulo_seccao\" style=\"text-align: center;\">NOUVELLES<\/h2>\n<p>[\/vc_column_text][vc_separator type=\u00a0\u00bbsmall\u00a0\u00bb position=\u00a0\u00bbcenter\u00a0\u00bb thickness=\u00a0\u00bb1&Prime; up=\u00a0\u00bb10&Prime; down=\u00a0\u00bb15&Prime;][\/vc_column][\/vc_row][vc_row css_animation=\u00a0\u00bb\u00a0\u00bb row_type=\u00a0\u00bbrow\u00a0\u00bb use_row_as_full_screen_section=\u00a0\u00bbno\u00a0\u00bb type=\u00a0\u00bbgrid\u00a0\u00bb anchor=\u00a0\u00bbabout_us\u00a0\u00bb angled_section=\u00a0\u00bbno\u00a0\u00bb text_align=\u00a0\u00bbleft\u00a0\u00bb background_image_as_pattern=\u00a0\u00bbwithout_pattern\u00a0\u00bb background_color=\u00a0\u00bb#ffffff\u00a0\u00bb padding_top=\u00a0\u00bb70&Prime; el_class=\u00a0\u00bbstartpage\u00a0\u00bb css=\u00a0\u00bb.vc_custom_1522599862278{padding-top: 35px !important;padding-bottom: 35px !important;}\u00a0\u00bb][vc_column][vc_row_inner row_type=\u00a0\u00bbrow\u00a0\u00bb type=\u00a0\u00bbfull_width\u00a0\u00bb text_align=\u00a0\u00bbleft\u00a0\u00bb css_animation=\u00a0\u00bb\u00a0\u00bb][vc_column_inner]<div class='latest_post_holder boxes three_columns five_rows'><ul><li class=\"clearfix\"><div class=\"boxes_image\"><a itemprop=\"url\" href=\"https:\/\/www.ispm-service.com\/fr\/2023\/03\/03\/facilities-change-2-2-2-2-3-3-2-2\/\"><img loading=\"lazy\" decoding=\"async\" width=\"539\" height=\"303\" src=\"https:\/\/www.ispm-service.com\/wp-content\/uploads\/2023\/03\/Ecobeirao1-539x303.jpg\" class=\"attachment-latest_post_boxes size-latest_post_boxes wp-post-image\" alt=\"\" \/><\/a><\/div><div class=\"latest_post\" style='padding-left:0;padding-right:0;'><div class=\"latest_post_text\"><div class=\"latest_post_inner\"><div class=\"latest_post_text_inner\"><span class=\"post_infos\"><span class=\"date_hour_holder\"><span itemprop=\"dateCreated\" class=\"date entry_date updated\">03 - 03 - 2023<meta itemprop=\"interactionCount\" content=\"UserComments: <?php echo get_comments_number(qode_get_page_id()); ?>\"\/><\/span><\/span><h3 itemprop=\"name\" class=\"latest_post_title entry_title\"><a itemprop=\"url\" href=\"https:\/\/www.ispm-service.com\/fr\/2023\/03\/03\/facilities-change-2-2-2-2-3-3-2-2\/\">Premi\u00e8re ligne de production compl\u00e8te de SRF sec au Portugal<\/a><\/h3><\/span><\/div><\/div><\/div><\/div><li class=\"clearfix\"><div class=\"boxes_image\"><a itemprop=\"url\" href=\"https:\/\/www.ispm-service.com\/fr\/2021\/04\/13\/facilities-change-2-2-2-2-3-3-2\/\"><img loading=\"lazy\" decoding=\"async\" width=\"539\" height=\"303\" src=\"https:\/\/www.ispm-service.com\/wp-content\/uploads\/2021\/04\/Foto1-539x303.jpg\" class=\"attachment-latest_post_boxes size-latest_post_boxes wp-post-image\" alt=\"\" \/><\/a><\/div><div class=\"latest_post\" style='padding-left:0;padding-right:0;'><div class=\"latest_post_text\"><div class=\"latest_post_inner\"><div class=\"latest_post_text_inner\"><span class=\"post_infos\"><span class=\"date_hour_holder\"><span itemprop=\"dateCreated\" class=\"date entry_date updated\">13 - 04 - 2021<meta itemprop=\"interactionCount\" content=\"UserComments: <?php echo get_comments_number(qode_get_page_id()); ?>\"\/><\/span><\/span><h3 itemprop=\"name\" class=\"latest_post_title entry_title\"><a itemprop=\"url\" href=\"https:\/\/www.ispm-service.com\/fr\/2021\/04\/13\/facilities-change-2-2-2-2-3-3-2\/\">Vis d&rsquo;extraction fournie par ISPM Fabriqu\u00e9 \u00e0 BMH.<\/a><\/h3><\/span><\/div><\/div><\/div><\/div><li class=\"clearfix\"><div class=\"boxes_image\"><a itemprop=\"url\" href=\"https:\/\/www.ispm-service.com\/fr\/2020\/03\/01\/facilities-change-2-2-2-2-3-3\/\"><img loading=\"lazy\" decoding=\"async\" width=\"539\" height=\"303\" src=\"https:\/\/www.ispm-service.com\/wp-content\/uploads\/2020\/03\/DS-Smith-10-539x303.jpg\" class=\"attachment-latest_post_boxes size-latest_post_boxes wp-post-image\" alt=\"\" srcset=\"https:\/\/www.ispm-service.com\/wp-content\/uploads\/2020\/03\/DS-Smith-10-539x303.jpg 539w, https:\/\/www.ispm-service.com\/wp-content\/uploads\/2020\/03\/DS-Smith-10-300x169.jpg 300w, https:\/\/www.ispm-service.com\/wp-content\/uploads\/2020\/03\/DS-Smith-10-768x432.jpg 768w, https:\/\/www.ispm-service.com\/wp-content\/uploads\/2020\/03\/DS-Smith-10-1024x576.jpg 1024w, https:\/\/www.ispm-service.com\/wp-content\/uploads\/2020\/03\/DS-Smith-10-700x394.jpg 700w\" sizes=\"auto, (max-width: 539px) 100vw, 539px\" \/><\/a><\/div><div class=\"latest_post\" style='padding-left:0;padding-right:0;'><div class=\"latest_post_text\"><div class=\"latest_post_inner\"><div class=\"latest_post_text_inner\"><span class=\"post_infos\"><span class=\"date_hour_holder\"><span itemprop=\"dateCreated\" class=\"date entry_date updated\">01 - 03 - 2020<meta itemprop=\"interactionCount\" content=\"UserComments: <?php echo get_comments_number(qode_get_page_id()); ?>\"\/><\/span><\/span><h3 itemprop=\"name\" class=\"latest_post_title entry_title\"><a itemprop=\"url\" href=\"https:\/\/www.ispm-service.com\/fr\/2020\/03\/01\/facilities-change-2-2-2-2-3-3\/\">Vis d&rsquo;extraction fournie par ISPM Fabriqu\u00e9 \u00e0 BMH.<\/a><\/h3><\/span><\/div><\/div><\/div><\/div><li class=\"clearfix\"><div class=\"boxes_image\"><a itemprop=\"url\" href=\"https:\/\/www.ispm-service.com\/fr\/2020\/01\/30\/facilities-change-2-2-2-2-3-2\/\"><img loading=\"lazy\" decoding=\"async\" width=\"473\" height=\"268\" src=\"https:\/\/www.ispm-service.com\/wp-content\/uploads\/2020\/01\/samson-Feeder.png\" class=\"attachment-latest_post_boxes size-latest_post_boxes wp-post-image\" alt=\"\" srcset=\"https:\/\/www.ispm-service.com\/wp-content\/uploads\/2020\/01\/samson-Feeder.png 473w, https:\/\/www.ispm-service.com\/wp-content\/uploads\/2020\/01\/samson-Feeder-300x170.png 300w\" sizes=\"auto, (max-width: 473px) 100vw, 473px\" \/><\/a><\/div><div class=\"latest_post\" style='padding-left:0;padding-right:0;'><div class=\"latest_post_text\"><div class=\"latest_post_inner\"><div class=\"latest_post_text_inner\"><span class=\"post_infos\"><span class=\"date_hour_holder\"><span itemprop=\"dateCreated\" class=\"date entry_date updated\">30 - 01 - 2020<meta itemprop=\"interactionCount\" content=\"UserComments: <?php echo get_comments_number(qode_get_page_id()); ?>\"\/><\/span><\/span><h3 itemprop=\"name\" class=\"latest_post_title entry_title\"><a itemprop=\"url\" href=\"https:\/\/www.ispm-service.com\/fr\/2020\/01\/30\/facilities-change-2-2-2-2-3-2\/\">SAMSON Materials Handling &#8211; Representada em Portugal por ISPM Lda<\/a><\/h3><\/span><\/div><\/div><\/div><\/div><li class=\"clearfix\"><div class=\"boxes_image\"><a itemprop=\"url\" href=\"https:\/\/www.ispm-service.com\/fr\/2019\/09\/26\/facilities-change-2-2-2-2-3\/\"><img loading=\"lazy\" decoding=\"async\" width=\"539\" height=\"303\" src=\"https:\/\/www.ispm-service.com\/wp-content\/uploads\/2019\/09\/IMG_3148-539x303.jpg\" class=\"attachment-latest_post_boxes size-latest_post_boxes wp-post-image\" alt=\"\" \/><\/a><\/div><div class=\"latest_post\" style='padding-left:0;padding-right:0;'><div class=\"latest_post_text\"><div class=\"latest_post_inner\"><div class=\"latest_post_text_inner\"><span class=\"post_infos\"><span class=\"date_hour_holder\"><span itemprop=\"dateCreated\" class=\"date entry_date updated\">26 - 09 - 2019<meta itemprop=\"interactionCount\" content=\"UserComments: <?php echo get_comments_number(qode_get_page_id()); ?>\"\/><\/span><\/span><h3 itemprop=\"name\" class=\"latest_post_title entry_title\"><a itemprop=\"url\" href=\"https:\/\/www.ispm-service.com\/fr\/2019\/09\/26\/facilities-change-2-2-2-2-3\/\">R\u00e9cup\u00e9rateur \u00e0 Vis Circulaire Capacit\u00e9 1000 m3 \/ h<\/a><\/h3><\/span><\/div><\/div><\/div><\/div><li class=\"clearfix\"><div class=\"boxes_image\"><a itemprop=\"url\" href=\"https:\/\/www.ispm-service.com\/fr\/2019\/07\/22\/facilities-change-2-2-2-2-2-2\/\"><img loading=\"lazy\" decoding=\"async\" width=\"526\" height=\"303\" src=\"https:\/\/www.ispm-service.com\/wp-content\/uploads\/2019\/07\/Imagem-Pelleting-line-526x303.jpg\" class=\"attachment-latest_post_boxes size-latest_post_boxes wp-post-image\" alt=\"\" srcset=\"https:\/\/www.ispm-service.com\/wp-content\/uploads\/2019\/07\/Imagem-Pelleting-line-526x303.jpg 526w, https:\/\/www.ispm-service.com\/wp-content\/uploads\/2019\/07\/Imagem-Pelleting-line-345x198.jpg 345w\" sizes=\"auto, (max-width: 526px) 100vw, 526px\" \/><\/a><\/div><div class=\"latest_post\" style='padding-left:0;padding-right:0;'><div class=\"latest_post_text\"><div class=\"latest_post_inner\"><div class=\"latest_post_text_inner\"><span class=\"post_infos\"><span class=\"date_hour_holder\"><span itemprop=\"dateCreated\" class=\"date entry_date updated\">22 - 07 - 2019<meta itemprop=\"interactionCount\" content=\"UserComments: <?php echo get_comments_number(qode_get_page_id()); ?>\"\/><\/span><\/span><h3 itemprop=\"name\" class=\"latest_post_title entry_title\"><a itemprop=\"url\" href=\"https:\/\/www.ispm-service.com\/fr\/2019\/07\/22\/facilities-change-2-2-2-2-2-2\/\">ISPM a \u00e9t\u00e9 nomm\u00e9 officiellement revendeur de GENERAL DIES.<\/a><\/h3><\/span><\/div><\/div><\/div><\/div><li class=\"clearfix\"><div class=\"boxes_image\"><a itemprop=\"url\" href=\"https:\/\/www.ispm-service.com\/fr\/2019\/04\/02\/facilities-change-2-2-2-2-2\/\"><img loading=\"lazy\" decoding=\"async\" width=\"539\" height=\"303\" src=\"https:\/\/www.ispm-service.com\/wp-content\/uploads\/2019\/04\/IMG_1863-539x303.jpg\" class=\"attachment-latest_post_boxes size-latest_post_boxes wp-post-image\" alt=\"\" \/><\/a><\/div><div class=\"latest_post\" style='padding-left:0;padding-right:0;'><div class=\"latest_post_text\"><div class=\"latest_post_inner\"><div class=\"latest_post_text_inner\"><span class=\"post_infos\"><span class=\"date_hour_holder\"><span itemprop=\"dateCreated\" class=\"date entry_date updated\">02 - 04 - 2019<meta itemprop=\"interactionCount\" content=\"UserComments: <?php echo get_comments_number(qode_get_page_id()); ?>\"\/><\/span><\/span><h3 itemprop=\"name\" class=\"latest_post_title entry_title\"><a itemprop=\"url\" href=\"https:\/\/www.ispm-service.com\/fr\/2019\/04\/02\/facilities-change-2-2-2-2-2\/\">S\u00c9CHOIR \u00c0 BIOMASSE FORESTI\u00c8RE<\/a><\/h3><\/span><\/div><\/div><\/div><\/div><li class=\"clearfix\"><div class=\"boxes_image\"><a itemprop=\"url\" href=\"https:\/\/www.ispm-service.com\/fr\/2019\/03\/11\/facilities-change-2-2-2-2\/\"><img loading=\"lazy\" decoding=\"async\" width=\"539\" height=\"303\" src=\"https:\/\/www.ispm-service.com\/wp-content\/uploads\/2019\/02\/parafuso-539x303.jpg\" class=\"attachment-latest_post_boxes size-latest_post_boxes wp-post-image\" alt=\"\" \/><\/a><\/div><div class=\"latest_post\" style='padding-left:0;padding-right:0;'><div class=\"latest_post_text\"><div class=\"latest_post_inner\"><div class=\"latest_post_text_inner\"><span class=\"post_infos\"><span class=\"date_hour_holder\"><span itemprop=\"dateCreated\" class=\"date entry_date updated\">11 - 03 - 2019<meta itemprop=\"interactionCount\" content=\"UserComments: <?php echo get_comments_number(qode_get_page_id()); ?>\"\/><\/span><\/span><h3 itemprop=\"name\" class=\"latest_post_title entry_title\"><a itemprop=\"url\" href=\"https:\/\/www.ispm-service.com\/fr\/2019\/03\/11\/facilities-change-2-2-2-2\/\">R\u00e9cup\u00e9rateur \u00e0 Vis Circulaire Capacit\u00e9 1000 m3 \/ h<\/a><\/h3><\/span><\/div><\/div><\/div><\/div><li class=\"clearfix\"><div class=\"boxes_image\"><a itemprop=\"url\" href=\"https:\/\/www.ispm-service.com\/fr\/2019\/02\/22\/facilities-change-2-2-2\/\"><img loading=\"lazy\" decoding=\"async\" width=\"539\" height=\"303\" src=\"https:\/\/www.ispm-service.com\/wp-content\/uploads\/2019\/02\/20181203_153410-539x303.jpg\" class=\"attachment-latest_post_boxes size-latest_post_boxes wp-post-image\" alt=\"\" srcset=\"https:\/\/www.ispm-service.com\/wp-content\/uploads\/2019\/02\/20181203_153410-539x303.jpg 539w, https:\/\/www.ispm-service.com\/wp-content\/uploads\/2019\/02\/20181203_153410-300x169.jpg 300w, https:\/\/www.ispm-service.com\/wp-content\/uploads\/2019\/02\/20181203_153410-768x432.jpg 768w, https:\/\/www.ispm-service.com\/wp-content\/uploads\/2019\/02\/20181203_153410-1024x576.jpg 1024w, https:\/\/www.ispm-service.com\/wp-content\/uploads\/2019\/02\/20181203_153410-700x394.jpg 700w\" sizes=\"auto, (max-width: 539px) 100vw, 539px\" \/><\/a><\/div><div class=\"latest_post\" style='padding-left:0;padding-right:0;'><div class=\"latest_post_text\"><div class=\"latest_post_inner\"><div class=\"latest_post_text_inner\"><span class=\"post_infos\"><span class=\"date_hour_holder\"><span itemprop=\"dateCreated\" class=\"date entry_date updated\">22 - 02 - 2019<meta itemprop=\"interactionCount\" content=\"UserComments: <?php echo get_comments_number(qode_get_page_id()); ?>\"\/><\/span><\/span><h3 itemprop=\"name\" class=\"latest_post_title entry_title\"><a itemprop=\"url\" href=\"https:\/\/www.ispm-service.com\/fr\/2019\/02\/22\/facilities-change-2-2-2\/\">R\u00e9cup\u00e9rateur de vis avec 12.655 mm x 1000 mm<\/a><\/h3><\/span><\/div><\/div><\/div><\/div><li class=\"clearfix\"><div class=\"boxes_image\"><a itemprop=\"url\" href=\"https:\/\/www.ispm-service.com\/fr\/2019\/02\/14\/facilities-change-2-2\/\"><img loading=\"lazy\" decoding=\"async\" width=\"539\" height=\"303\" src=\"https:\/\/www.ispm-service.com\/wp-content\/uploads\/2019\/02\/IMG_1276-539x303.jpg\" class=\"attachment-latest_post_boxes size-latest_post_boxes wp-post-image\" alt=\"\" \/><\/a><\/div><div class=\"latest_post\" style='padding-left:0;padding-right:0;'><div class=\"latest_post_text\"><div class=\"latest_post_inner\"><div class=\"latest_post_text_inner\"><span class=\"post_infos\"><span class=\"date_hour_holder\"><span itemprop=\"dateCreated\" class=\"date entry_date updated\">14 - 02 - 2019<meta itemprop=\"interactionCount\" content=\"UserComments: <?php echo get_comments_number(qode_get_page_id()); ?>\"\/><\/span><\/span><h3 itemprop=\"name\" class=\"latest_post_title entry_title\"><a itemprop=\"url\" href=\"https:\/\/www.ispm-service.com\/fr\/2019\/02\/14\/facilities-change-2-2\/\">Premi\u00e8re s\u00e9cheuse d&rsquo;assemblage au Portugal de la biomasse foresti\u00e8re<\/a><\/h3><\/span><\/div><\/div><\/div><\/div><li class=\"clearfix\"><div class=\"boxes_image\"><a itemprop=\"url\" href=\"https:\/\/www.ispm-service.com\/fr\/2018\/11\/05\/facilities-change-2\/\"><img loading=\"lazy\" decoding=\"async\" width=\"539\" height=\"303\" src=\"https:\/\/www.ispm-service.com\/wp-content\/uploads\/2018\/11\/Apresenta\u00e7\u00e3o-Aveiro-Centrum-Com\u00e9rcio-Setembro-2018-539x303.jpg\" class=\"attachment-latest_post_boxes size-latest_post_boxes wp-post-image\" alt=\"\" \/><\/a><\/div><div class=\"latest_post\" style='padding-left:0;padding-right:0;'><div class=\"latest_post_text\"><div class=\"latest_post_inner\"><div class=\"latest_post_text_inner\"><span class=\"post_infos\"><span class=\"date_hour_holder\"><span itemprop=\"dateCreated\" class=\"date entry_date updated\">05 - 11 - 2018<meta itemprop=\"interactionCount\" content=\"UserComments: <?php echo get_comments_number(qode_get_page_id()); ?>\"\/><\/span><\/span><h3 itemprop=\"name\" class=\"latest_post_title entry_title\"><a itemprop=\"url\" href=\"https:\/\/www.ispm-service.com\/fr\/2018\/11\/05\/facilities-change-2\/\">Facilities Change<\/a><\/h3><\/span><\/div><\/div><\/div><\/div><li class=\"clearfix\"><div class=\"boxes_image\"><a itemprop=\"url\" href=\"https:\/\/www.ispm-service.com\/fr\/2018\/06\/27\/reference-magazine-2\/\"><img loading=\"lazy\" decoding=\"async\" width=\"539\" height=\"303\" src=\"https:\/\/www.ispm-service.com\/wp-content\/uploads\/2018\/06\/video-539x303.png\" class=\"attachment-latest_post_boxes size-latest_post_boxes wp-post-image\" alt=\"\" srcset=\"https:\/\/www.ispm-service.com\/wp-content\/uploads\/2018\/06\/video-539x303.png 539w, https:\/\/www.ispm-service.com\/wp-content\/uploads\/2018\/06\/video-300x169.png 300w, https:\/\/www.ispm-service.com\/wp-content\/uploads\/2018\/06\/video-768x432.png 768w, https:\/\/www.ispm-service.com\/wp-content\/uploads\/2018\/06\/video-1024x576.png 1024w, https:\/\/www.ispm-service.com\/wp-content\/uploads\/2018\/06\/video-700x393.png 700w, https:\/\/www.ispm-service.com\/wp-content\/uploads\/2018\/06\/video.png 1103w\" sizes=\"auto, (max-width: 539px) 100vw, 539px\" \/><\/a><\/div><div class=\"latest_post\" style='padding-left:0;padding-right:0;'><div class=\"latest_post_text\"><div class=\"latest_post_inner\"><div class=\"latest_post_text_inner\"><span class=\"post_infos\"><span class=\"date_hour_holder\"><span itemprop=\"dateCreated\" class=\"date entry_date updated\">27 - 06 - 2018<meta itemprop=\"interactionCount\" content=\"UserComments: <?php echo get_comments_number(qode_get_page_id()); ?>\"\/><\/span><\/span><h3 itemprop=\"name\" class=\"latest_post_title entry_title\"><a itemprop=\"url\" href=\"https:\/\/www.ispm-service.com\/fr\/2018\/06\/27\/reference-magazine-2\/\">Vid\u00e9o institutionnelle<\/a><\/h3><\/span><\/div><\/div><\/div><\/div><li class=\"clearfix\"><div class=\"boxes_image\"><a itemprop=\"url\" href=\"https:\/\/www.ispm-service.com\/fr\/2018\/05\/29\/reference-magazine\/\"><img loading=\"lazy\" decoding=\"async\" width=\"539\" height=\"303\" src=\"https:\/\/www.ispm-service.com\/wp-content\/uploads\/2018\/05\/Capa_maio-539x303.png\" class=\"attachment-latest_post_boxes size-latest_post_boxes wp-post-image\" alt=\"\" \/><\/a><\/div><div class=\"latest_post\" style='padding-left:0;padding-right:0;'><div class=\"latest_post_text\"><div class=\"latest_post_inner\"><div class=\"latest_post_text_inner\"><span class=\"post_infos\"><span class=\"date_hour_holder\"><span itemprop=\"dateCreated\" class=\"date entry_date updated\">29 - 05 - 2018<meta itemprop=\"interactionCount\" content=\"UserComments: <?php echo get_comments_number(qode_get_page_id()); ?>\"\/><\/span><\/span><h3 itemprop=\"name\" class=\"latest_post_title entry_title\"><a itemprop=\"url\" href=\"https:\/\/www.ispm-service.com\/fr\/2018\/05\/29\/reference-magazine\/\">A reference magazine<\/a><\/h3><\/span><\/div><\/div><\/div><\/div><li class=\"clearfix\"><div class=\"boxes_image\"><a itemprop=\"url\" href=\"https:\/\/www.ispm-service.com\/fr\/2018\/04\/24\/reseller_demuth\/\"><img loading=\"lazy\" decoding=\"async\" width=\"539\" height=\"303\" src=\"https:\/\/www.ispm-service.com\/wp-content\/uploads\/2018\/04\/29132968_1953549904961778_5872267969299480576_o-539x303.jpg\" class=\"attachment-latest_post_boxes size-latest_post_boxes wp-post-image\" alt=\"\" \/><\/a><\/div><div class=\"latest_post\" style='padding-left:0;padding-right:0;'><div class=\"latest_post_text\"><div class=\"latest_post_inner\"><div class=\"latest_post_text_inner\"><span class=\"post_infos\"><span class=\"date_hour_holder\"><span itemprop=\"dateCreated\" class=\"date entry_date updated\">24 - 04 - 2018<meta itemprop=\"interactionCount\" content=\"UserComments: <?php echo get_comments_number(qode_get_page_id()); ?>\"\/><\/span><\/span><h3 itemprop=\"name\" class=\"latest_post_title entry_title\"><a itemprop=\"url\" href=\"https:\/\/www.ispm-service.com\/fr\/2018\/04\/24\/reseller_demuth\/\">ISPM a \u00e9t\u00e9 nomm\u00e9 officiellement revendeur de DEMUTH<\/a><\/h3><\/span><\/div><\/div><\/div><\/div><li class=\"clearfix\"><div class=\"boxes_image\"><a itemprop=\"url\" href=\"https:\/\/www.ispm-service.com\/fr\/2018\/04\/05\/ispm-has-been-named-official-reseller-of-aumund-fordertechnik\/\"><img loading=\"lazy\" decoding=\"async\" width=\"539\" height=\"303\" src=\"https:\/\/www.ispm-service.com\/wp-content\/uploads\/2018\/04\/aumund-539x303.png\" class=\"attachment-latest_post_boxes size-latest_post_boxes wp-post-image\" alt=\"\" \/><\/a><\/div><div class=\"latest_post\" style='padding-left:0;padding-right:0;'><div class=\"latest_post_text\"><div class=\"latest_post_inner\"><div class=\"latest_post_text_inner\"><span class=\"post_infos\"><span class=\"date_hour_holder\"><span itemprop=\"dateCreated\" class=\"date entry_date updated\">05 - 04 - 2018<meta itemprop=\"interactionCount\" content=\"UserComments: <?php echo get_comments_number(qode_get_page_id()); ?>\"\/><\/span><\/span><h3 itemprop=\"name\" class=\"latest_post_title entry_title\"><a itemprop=\"url\" href=\"https:\/\/www.ispm-service.com\/fr\/2018\/04\/05\/ispm-has-been-named-official-reseller-of-aumund-fordertechnik\/\">ISPM has been named Official Reseller Of AUMUND F\u00f6rdertechnik.<\/a><\/h3><\/span><\/div><\/div><\/div><\/div><\/ul><\/div>[\/vc_column_inner][\/vc_row_inner][\/vc_column][\/vc_row]<\/p>\n<\/div>","protected":false},"excerpt":{"rendered":"<p>[vc_row css_animation=\u00a0\u00bb\u00a0\u00bb row_type=\u00a0\u00bbrow\u00a0\u00bb use_row_as_full_screen_section=\u00a0\u00bbno\u00a0\u00bb type=\u00a0\u00bbfull_width\u00a0\u00bb angled_section=\u00a0\u00bbno\u00a0\u00bb text_align=\u00a0\u00bbleft\u00a0\u00bb background_image_as_pattern=\u00a0\u00bbwithout_pattern\u00a0\u00bb][vc_column][vc_column_text] NOUVELLES [\/vc_column_text][vc_separator type=\u00a0\u00bbsmall\u00a0\u00bb position=\u00a0\u00bbcenter\u00a0\u00bb thickness=\u00a0\u00bb1&Prime; up=\u00a0\u00bb10&Prime; down=\u00a0\u00bb15&Prime;][\/vc_column][\/vc_row][vc_row css_animation=\u00a0\u00bb\u00a0\u00bb row_type=\u00a0\u00bbrow\u00a0\u00bb use_row_as_full_screen_section=\u00a0\u00bbno\u00a0\u00bb type=\u00a0\u00bbgrid\u00a0\u00bb anchor=\u00a0\u00bbabout_us\u00a0\u00bb angled_section=\u00a0\u00bbno\u00a0\u00bb text_align=\u00a0\u00bbleft\u00a0\u00bb background_image_as_pattern=\u00a0\u00bbwithout_pattern\u00a0\u00bb background_color=\u00a0\u00bb#ffffff\u00a0\u00bb padding_top=\u00a0\u00bb70&Prime; el_class=\u00a0\u00bbstartpage\u00a0\u00bb css=\u00a0\u00bb.vc_custom_1522599862278{padding-top: 35px !important;padding-bottom: 35px !important;}\u00a0\u00bb][vc_column][vc_row_inner row_type=\u00a0\u00bbrow\u00a0\u00bb type=\u00a0\u00bbfull_width\u00a0\u00bb text_align=\u00a0\u00bbleft\u00a0\u00bb css_animation=\u00a0\u00bb\u00a0\u00bb][vc_column_inner][\/vc_column_inner][\/vc_row_inner][\/vc_column][\/vc_row]<\/p>\n","protected":false},"author":2,"featured_media":0,"parent":0,"menu_order":0,"comment_status":"closed","ping_status":"closed","template":"full_width.php","meta":{"footnotes":""},"class_list":["post-16596","page","type-page","status-publish","hentry"],"_links":{"self":[{"href":"https:\/\/www.ispm-service.com\/fr\/wp-json\/wp\/v2\/pages\/16596","targetHints":{"allow":["GET"]}}],"collection":[{"href":"https:\/\/www.ispm-service.com\/fr\/wp-json\/wp\/v2\/pages"}],"about":[{"href":"https:\/\/www.ispm-service.com\/fr\/wp-json\/wp\/v2\/types\/page"}],"author":[{"embeddable":true,"href":"https:\/\/www.ispm-service.com\/fr\/wp-json\/wp\/v2\/users\/2"}],"replies":[{"embeddable":true,"href":"https:\/\/www.ispm-service.com\/fr\/wp-json\/wp\/v2\/comments?post=16596"}],"version-history":[{"count":25,"href":"https:\/\/www.ispm-service.com\/fr\/wp-json\/wp\/v2\/pages\/16596\/revisions"}],"predecessor-version":[{"id":18098,"href":"https:\/\/www.ispm-service.com\/fr\/wp-json\/wp\/v2\/pages\/16596\/revisions\/18098"}],"wp:attachment":[{"href":"https:\/\/www.ispm-service.com\/fr\/wp-json\/wp\/v2\/media?parent=16596"}],"curies":[{"name":"wp","href":"https:\/\/api.w.org\/{rel}","templated":true}]}}