{"id":16120,"date":"2018-03-04T22:39:17","date_gmt":"2018-03-04T22:39:17","guid":{"rendered":"https:\/\/www.ispm-service.com\/?page_id=16120"},"modified":"2018-06-06T21:46:08","modified_gmt":"2018-06-06T21:46:08","slug":"waste-to-fuel","status":"publish","type":"page","link":"https:\/\/www.ispm-service.com\/fr\/waste-to-fuel\/","title":{"rendered":"Waste to Fuel"},"content":{"rendered":"<div class=\"wpb-content-wrapper\"><p>[vc_row css_animation=\u00a0\u00bb\u00a0\u00bb row_type=\u00a0\u00bbrow\u00a0\u00bb use_row_as_full_screen_section=\u00a0\u00bbno\u00a0\u00bb type=\u00a0\u00bbgrid\u00a0\u00bb anchor=\u00a0\u00bbabout_us\u00a0\u00bb angled_section=\u00a0\u00bbno\u00a0\u00bb text_align=\u00a0\u00bbleft\u00a0\u00bb background_image_as_pattern=\u00a0\u00bbwithout_pattern\u00a0\u00bb background_color=\u00a0\u00bb#ffffff\u00a0\u00bb padding_top=\u00a0\u00bb70&Prime; el_class=\u00a0\u00bbstartpage\u00a0\u00bb][vc_column][vc_row_inner row_type=\u00a0\u00bbrow\u00a0\u00bb type=\u00a0\u00bbfull_width\u00a0\u00bb text_align=\u00a0\u00bbleft\u00a0\u00bb css_animation=\u00a0\u00bb\u00a0\u00bb el_id=\u00a0\u00bbservice-title\u00a0\u00bb][vc_column_inner el_class=\u00a0\u00bbcompany_services\u00a0\u00bb][vc_single_image image=\u00a0\u00bb17563&Prime; img_size=\u00a0\u00bbfull\u00a0\u00bb alignment=\u00a0\u00bbcenter\u00a0\u00bb qode_css_animation=\u00a0\u00bb\u00a0\u00bb][vc_column_text]<\/p>\n<h3 style=\"color: #063182; text-align: center;\"><a href=\"https:\/\/www.ispm-service.com\/wp-content\/uploads\/2018\/05\/waste_to_fuel_fr.pdf\" target=\"_blank\" rel=\"noopener\">T\u00e9l\u00e9charger le Catalogue<\/a><\/h3>\n<p>[\/vc_column_text][vc_separator type=\u00a0\u00bbsmall\u00a0\u00bb position=\u00a0\u00bbcenter\u00a0\u00bb thickness=\u00a0\u00bb1&Prime; up=\u00a0\u00bb15&Prime; down=\u00a0\u00bb15&Prime;][vc_column_text]<\/p>\n<h3 style=\"color: #063182; text-align: center;\"><a href=\"https:\/\/www.ispm-service.com\/wp-content\/uploads\/2018\/05\/Online_Final_ISPM_Catalogue_2018.pdf\" target=\"_blank\" rel=\"noopener\">Catalogue G\u00e9n\u00e9ral<\/a><\/h3>\n<p>[\/vc_column_text][\/vc_column_inner][\/vc_row_inner][vc_row_inner row_type=\u00a0\u00bbrow\u00a0\u00bb type=\u00a0\u00bbfull_width\u00a0\u00bb text_align=\u00a0\u00bbleft\u00a0\u00bb css_animation=\u00a0\u00bb\u00a0\u00bb el_id=\u00a0\u00bbstart_page\u00a0\u00bb][vc_column_inner width=\u00a0\u00bb1\/3&Prime;]<div class=\"image_with_text\"><img decoding=\"async\" itemprop=\"image\" src=\"https:\/\/www.ispm-service.com\/wp-content\/uploads\/2018\/06\/stepfeeder.png\" alt=\"TYRANNOSAURUS\u00ae Feeders\" \/><h3 style=\"color:#063182;\">TYRANNOSAURUS\u00ae Feeders<\/h3><span style=\"margin: 6px 0px;\" class=\"separator transparent\"><\/span><span class=\"text_inside\">TYRANNOSAURUS\u00ae Feeders enable optimal feeding to the shredder\/crusher ensuring continuous maximum capacity.<\/span><\/div>[vc_separator type=\u00a0\u00bbtransparent\u00a0\u00bb up=\u00a0\u00bb70&Prime; down=\u00a0\u00bb0&Prime;][\/vc_column_inner][vc_column_inner width=\u00a0\u00bb1\/3&Prime;]<div class=\"image_with_text\"><img decoding=\"async\" itemprop=\"image\" src=\"https:\/\/www.ispm-service.com\/wp-content\/uploads\/2018\/06\/t9905-shredder.png\" alt=\"TYRANNOSAURUS\u00ae 9900 Main Shredders\" \/><h3 style=\"color:#063182;\">TYRANNOSAURUS\u00ae 9900 Main Shredders<\/h3><span style=\"margin: 6px 0px;\" class=\"separator transparent\"><\/span><span class=\"text_inside\">TYRANNOSAURUS\u00ae 9900 main shredders are the World\u2019s biggest and strongest waste shredders.<\/span><\/div>[vc_separator type=\u00a0\u00bbtransparent\u00a0\u00bb up=\u00a0\u00bb70&Prime; down=\u00a0\u00bb0&Prime;][\/vc_column_inner][vc_column_inner width=\u00a0\u00bb1\/3&Prime;]<div class=\"image_with_text\"><img decoding=\"async\" itemprop=\"image\" src=\"https:\/\/www.ispm-service.com\/wp-content\/uploads\/2018\/06\/tyrannosaurus-fines-screen.png\" alt=\"TYRANNOSAURUS\u00ae 1500 Fines Screens\" \/><h3 style=\"color:#063182;\">TYRANNOSAURUS\u00ae 1500 Fines Screens<\/h3><span style=\"margin: 6px 0px;\" class=\"separator transparent\"><\/span><span class=\"text_inside\">TYRANNOSAURUS\u00ae Fines Screen separates fines, for example, sand, glass, soil from the material.<\/span><\/div>[vc_separator type=\u00a0\u00bbtransparent\u00a0\u00bb up=\u00a0\u00bb70&Prime; down=\u00a0\u00bb0&Prime;][\/vc_column_inner][\/vc_row_inner][vc_row_inner row_type=\u00a0\u00bbrow\u00a0\u00bb type=\u00a0\u00bbfull_width\u00a0\u00bb text_align=\u00a0\u00bbleft\u00a0\u00bb css_animation=\u00a0\u00bb\u00a0\u00bb][vc_column_inner width=\u00a0\u00bb1\/3&Prime;]<div class=\"image_with_text\"><img decoding=\"async\" itemprop=\"image\" src=\"https:\/\/www.ispm-service.com\/wp-content\/uploads\/2018\/06\/tyrannosaurus-fine-shredder.png\" alt=\"TYRANNOSAURUS\u00ae 1200 Fine Shredders\" \/><h3 style=\"color:#063182;\">TYRANNOSAURUS\u00ae 1200 Fine Shredders<\/h3><span style=\"margin: 6px 0px;\" class=\"separator transparent\"><\/span><span class=\"text_inside\">TYRANNOSAURUS\u00ae Fine Shredders are used to ensure the combustibility of the fuel by reducing the particle size as small as 25 mm. <\/span><\/div>[vc_separator type=\u00a0\u00bbtransparent\u00a0\u00bb up=\u00a0\u00bb70&Prime; down=\u00a0\u00bb0&Prime;][\/vc_column_inner][vc_column_inner width=\u00a0\u00bb1\/3&Prime;]<div class=\"image_with_text\"><img decoding=\"async\" itemprop=\"image\" src=\"https:\/\/www.ispm-service.com\/wp-content\/uploads\/2018\/06\/screwconveyor.png\" alt=\"Screw conveyor\" \/><h3 style=\"color:#063182;\">Screw conveyor<\/h3><span style=\"margin: 6px 0px;\" class=\"separator transparent\"><\/span><span class=\"text_inside\">Screw Conveyors are economical ways to transfer bulk materials over short distances.<\/span><\/div>[vc_separator type=\u00a0\u00bbtransparent\u00a0\u00bb up=\u00a0\u00bb70&Prime; down=\u00a0\u00bb0&Prime;][\/vc_column_inner][vc_column_inner width=\u00a0\u00bb1\/3&Prime;]<div class=\"image_with_text\"><img decoding=\"async\" itemprop=\"image\" src=\"https:\/\/www.ispm-service.com\/wp-content\/uploads\/2018\/06\/dragchainconveyor.png\" alt=\"Drag Chain Conveyors\" \/><h3 style=\"color:#063182;\">Drag Chain Conveyors<\/h3><span style=\"margin: 6px 0px;\" class=\"separator transparent\"><\/span><span class=\"text_inside\">Drag Chain Conveyors are ideal for safe and reliable transportation of bulky materials in various industrial processes.<\/span><\/div>[vc_separator type=\u00a0\u00bbtransparent\u00a0\u00bb up=\u00a0\u00bb70&Prime; down=\u00a0\u00bb0&Prime;][\/vc_column_inner][\/vc_row_inner][\/vc_column][\/vc_row][vc_row css_animation=\u00a0\u00bb\u00a0\u00bb row_type=\u00a0\u00bbrow\u00a0\u00bb use_row_as_full_screen_section=\u00a0\u00bbno\u00a0\u00bb type=\u00a0\u00bbgrid\u00a0\u00bb anchor=\u00a0\u00bbabout_us\u00a0\u00bb angled_section=\u00a0\u00bbno\u00a0\u00bb text_align=\u00a0\u00bbleft\u00a0\u00bb background_image_as_pattern=\u00a0\u00bbwithout_pattern\u00a0\u00bb background_color=\u00a0\u00bb#ffffff\u00a0\u00bb padding_top=\u00a0\u00bb70&Prime; css=\u00a0\u00bb.vc_custom_1520942808306{padding-top: 0px !important;}\u00a0\u00bb][vc_column width=\u00a0\u00bb1\/2&Prime; el_class=\u00a0\u00bbrow_descricao\u00a0\u00bb][vc_column_text]<\/p>\n<div class=\"text_inside1\" style=\"text-align: center; color: #063182;\">\n<p>Tous les \u00e9quipements travaillent en symbiose avec un forte automatisation pour optimiser la capacit\u00e9 de production et la qualit\u00e9 du combustible. Toutes les solutions de transformation de d\u00e9chets en combustible de technologie BMH sont adapt\u00e9es \u00e0 la sp\u00e9cificit\u00e9 des d\u00e9chets et \u00e0 la qualit\u00e9 de combustible souhait\u00e9e.<\/p>\n<\/div>\n<p>[\/vc_column_text][\/vc_column][vc_column width=\u00a0\u00bb1\/2&Prime;][\/vc_column][\/vc_row][vc_row css_animation=\u00a0\u00bb\u00a0\u00bb row_type=\u00a0\u00bbrow\u00a0\u00bb use_row_as_full_screen_section=\u00a0\u00bbno\u00a0\u00bb type=\u00a0\u00bbgrid\u00a0\u00bb angled_section=\u00a0\u00bbno\u00a0\u00bb text_align=\u00a0\u00bbcenter\u00a0\u00bb background_image_as_pattern=\u00a0\u00bbwithout_pattern\u00a0\u00bb css=\u00a0\u00bb.vc_custom_1521117371609{margin-top: 10px !important;}\u00a0\u00bb el_class=\u00a0\u00bblastrow\u00a0\u00bb][vc_column][vc_single_image image=\u00a0\u00bb18006&Prime; img_size=\u00a0\u00bbfull\u00a0\u00bb alignment=\u00a0\u00bbcenter\u00a0\u00bb qode_css_animation=\u00a0\u00bb\u00a0\u00bb][\/vc_column][\/vc_row]<\/p>\n<\/div>","protected":false},"excerpt":{"rendered":"<p>[vc_row css_animation=\u00a0\u00bb\u00a0\u00bb row_type=\u00a0\u00bbrow\u00a0\u00bb use_row_as_full_screen_section=\u00a0\u00bbno\u00a0\u00bb type=\u00a0\u00bbgrid\u00a0\u00bb anchor=\u00a0\u00bbabout_us\u00a0\u00bb angled_section=\u00a0\u00bbno\u00a0\u00bb text_align=\u00a0\u00bbleft\u00a0\u00bb background_image_as_pattern=\u00a0\u00bbwithout_pattern\u00a0\u00bb background_color=\u00a0\u00bb#ffffff\u00a0\u00bb padding_top=\u00a0\u00bb70&Prime; el_class=\u00a0\u00bbstartpage\u00a0\u00bb][vc_column][vc_row_inner row_type=\u00a0\u00bbrow\u00a0\u00bb type=\u00a0\u00bbfull_width\u00a0\u00bb text_align=\u00a0\u00bbleft\u00a0\u00bb css_animation=\u00a0\u00bb\u00a0\u00bb el_id=\u00a0\u00bbservice-title\u00a0\u00bb][vc_column_inner el_class=\u00a0\u00bbcompany_services\u00a0\u00bb][vc_single_image image=\u00a0\u00bb17563&Prime; img_size=\u00a0\u00bbfull\u00a0\u00bb alignment=\u00a0\u00bbcenter\u00a0\u00bb qode_css_animation=\u00a0\u00bb\u00a0\u00bb][vc_column_text] T\u00e9l\u00e9charger le Catalogue [\/vc_column_text][vc_separator type=\u00a0\u00bbsmall\u00a0\u00bb position=\u00a0\u00bbcenter\u00a0\u00bb thickness=\u00a0\u00bb1&Prime; up=\u00a0\u00bb15&Prime; down=\u00a0\u00bb15&Prime;][vc_column_text] Catalogue G\u00e9n\u00e9ral [\/vc_column_text][\/vc_column_inner][\/vc_row_inner][vc_row_inner row_type=\u00a0\u00bbrow\u00a0\u00bb type=\u00a0\u00bbfull_width\u00a0\u00bb text_align=\u00a0\u00bbleft\u00a0\u00bb css_animation=\u00a0\u00bb\u00a0\u00bb el_id=\u00a0\u00bbstart_page\u00a0\u00bb][vc_column_inner width=\u00a0\u00bb1\/3&Prime;][vc_separator type=\u00a0\u00bbtransparent\u00a0\u00bb up=\u00a0\u00bb70&Prime; down=\u00a0\u00bb0&Prime;][\/vc_column_inner][vc_column_inner width=\u00a0\u00bb1\/3&Prime;][vc_separator type=\u00a0\u00bbtransparent\u00a0\u00bb&#8230;<\/p>\n","protected":false},"author":1,"featured_media":0,"parent":0,"menu_order":0,"comment_status":"closed","ping_status":"closed","template":"full_width.php","meta":{"footnotes":""},"class_list":["post-16120","page","type-page","status-publish","hentry"],"_links":{"self":[{"href":"https:\/\/www.ispm-service.com\/fr\/wp-json\/wp\/v2\/pages\/16120","targetHints":{"allow":["GET"]}}],"collection":[{"href":"https:\/\/www.ispm-service.com\/fr\/wp-json\/wp\/v2\/pages"}],"about":[{"href":"https:\/\/www.ispm-service.com\/fr\/wp-json\/wp\/v2\/types\/page"}],"author":[{"embeddable":true,"href":"https:\/\/www.ispm-service.com\/fr\/wp-json\/wp\/v2\/users\/1"}],"replies":[{"embeddable":true,"href":"https:\/\/www.ispm-service.com\/fr\/wp-json\/wp\/v2\/comments?post=16120"}],"version-history":[{"count":56,"href":"https:\/\/www.ispm-service.com\/fr\/wp-json\/wp\/v2\/pages\/16120\/revisions"}],"predecessor-version":[{"id":18008,"href":"https:\/\/www.ispm-service.com\/fr\/wp-json\/wp\/v2\/pages\/16120\/revisions\/18008"}],"wp:attachment":[{"href":"https:\/\/www.ispm-service.com\/fr\/wp-json\/wp\/v2\/media?parent=16120"}],"curies":[{"name":"wp","href":"https:\/\/api.w.org\/{rel}","templated":true}]}}