{"id":16118,"date":"2018-03-04T22:38:10","date_gmt":"2018-03-04T22:38:10","guid":{"rendered":"https:\/\/www.ispm-service.com\/?page_id=16118"},"modified":"2018-06-06T22:43:34","modified_gmt":"2018-06-06T22:43:34","slug":"waste-to-flame","status":"publish","type":"page","link":"https:\/\/www.ispm-service.com\/fr\/waste-to-flame\/","title":{"rendered":"Waste to Flame"},"content":{"rendered":"<div class=\"wpb-content-wrapper\"><p>[vc_row css_animation=\u00a0\u00bb\u00a0\u00bb row_type=\u00a0\u00bbrow\u00a0\u00bb use_row_as_full_screen_section=\u00a0\u00bbno\u00a0\u00bb type=\u00a0\u00bbgrid\u00a0\u00bb anchor=\u00a0\u00bbabout_us\u00a0\u00bb angled_section=\u00a0\u00bbno\u00a0\u00bb text_align=\u00a0\u00bbleft\u00a0\u00bb background_image_as_pattern=\u00a0\u00bbwithout_pattern\u00a0\u00bb background_color=\u00a0\u00bb#ffffff\u00a0\u00bb padding_top=\u00a0\u00bb70&Prime; el_class=\u00a0\u00bbstartpage\u00a0\u00bb][vc_column][vc_row_inner row_type=\u00a0\u00bbrow\u00a0\u00bb type=\u00a0\u00bbfull_width\u00a0\u00bb text_align=\u00a0\u00bbleft\u00a0\u00bb css_animation=\u00a0\u00bb\u00a0\u00bb][vc_column_inner el_class=\u00a0\u00bbcompany_services\u00a0\u00bb][vc_single_image image=\u00a0\u00bb17563&Prime; img_size=\u00a0\u00bbfull\u00a0\u00bb alignment=\u00a0\u00bbcenter\u00a0\u00bb qode_css_animation=\u00a0\u00bb\u00a0\u00bb][vc_column_text]<\/p>\n<h3 style=\"color: #063182; text-align: center;\"><a href=\"https:\/\/www.ispm-service.com\/wp-content\/uploads\/2018\/05\/waste_to-flame_fr.pdf\" target=\"_blank\" rel=\"noopener\">T\u00e9l\u00e9charger le Catalogue<\/a><\/h3>\n<p>[\/vc_column_text][vc_separator type=\u00a0\u00bbsmall\u00a0\u00bb position=\u00a0\u00bbcenter\u00a0\u00bb thickness=\u00a0\u00bb1&Prime; up=\u00a0\u00bb15&Prime; down=\u00a0\u00bb15&Prime;][vc_column_text]<\/p>\n<h3 style=\"color: #063182; text-align: center;\"><a href=\"https:\/\/www.ispm-service.com\/wp-content\/uploads\/2018\/05\/Online_Final_ISPM_Catalogue_2018.pdf\" target=\"_blank\" rel=\"noopener\">Catalogue G\u00e9n\u00e9ral<\/a><\/h3>\n<p>[\/vc_column_text][\/vc_column_inner][\/vc_row_inner][vc_row_inner row_type=\u00a0\u00bbrow\u00a0\u00bb type=\u00a0\u00bbfull_width\u00a0\u00bb text_align=\u00a0\u00bbleft\u00a0\u00bb css_animation=\u00a0\u00bb\u00a0\u00bb el_id=\u00a0\u00bbstart_page\u00a0\u00bb][vc_column_inner width=\u00a0\u00bb1\/3&Prime;]<div class=\"image_with_text\"><img decoding=\"async\" itemprop=\"image\" src=\"https:\/\/www.ispm-service.com\/wp-content\/uploads\/2018\/06\/stepfeeder.png\" alt=\"TYRANNOSAURUS\u00ae Feeders\" \/><h3 style=\"color:#063182;\">TYRANNOSAURUS\u00ae Feeders<\/h3><span style=\"margin: 6px 0px;\" class=\"separator transparent\"><\/span><span class=\"text_inside\">TYRANNOSAURUS\u00ae Feeders enable optimal feeding to the shredder\/crusher ensuring continuous maximum capacity.<\/span><\/div>[vc_separator type=\u00a0\u00bbtransparent\u00a0\u00bb up=\u00a0\u00bb70&Prime; down=\u00a0\u00bb0&Prime;][\/vc_column_inner][vc_column_inner width=\u00a0\u00bb1\/3&Prime;]<div class=\"image_with_text\"><img decoding=\"async\" itemprop=\"image\" src=\"https:\/\/www.ispm-service.com\/wp-content\/uploads\/2018\/06\/tyrannosaurus-fines-screen.png\" alt=\"TYRANNOSAURUS\u00ae 1500 Fines Screens\" \/><h3 style=\"color:#063182;\">TYRANNOSAURUS\u00ae 1500 Fines Screens<\/h3><span style=\"margin: 6px 0px;\" class=\"separator transparent\"><\/span><span class=\"text_inside\">TYRANNOSAURUS\u00ae Fines Screen separates fines, for example, sand, glass, soil from the material.<\/span><\/div>[vc_separator type=\u00a0\u00bbtransparent\u00a0\u00bb up=\u00a0\u00bb70&Prime; down=\u00a0\u00bb0&Prime;][\/vc_column_inner][vc_column_inner width=\u00a0\u00bb1\/3&Prime;]<div class=\"image_with_text\"><img decoding=\"async\" itemprop=\"image\" src=\"https:\/\/www.ispm-service.com\/wp-content\/uploads\/2018\/06\/pre-shredder6600.png\" alt=\"TYRANNOSAURUS\u00ae 6600 Pre-shredder\" \/><h3 style=\"color:#063182;\">TYRANNOSAURUS\u00ae 6600 Pre-shredder<\/h3><span style=\"margin: 6px 0px;\" class=\"separator transparent\"><\/span><span class=\"text_inside\">Are ideal for preparation of challenging waste to increase the capacity of the entire process or as a main shredder for grate fired<br \/>\nboiler<\/span><\/div>[vc_separator type=\u00a0\u00bbtransparent\u00a0\u00bb up=\u00a0\u00bb70&Prime; down=\u00a0\u00bb0&Prime;][\/vc_column_inner][\/vc_row_inner][vc_row_inner row_type=\u00a0\u00bbrow\u00a0\u00bb type=\u00a0\u00bbfull_width\u00a0\u00bb text_align=\u00a0\u00bbleft\u00a0\u00bb css_animation=\u00a0\u00bb\u00a0\u00bb][vc_column_inner width=\u00a0\u00bb1\/3&Prime;]<div class=\"image_with_text\"><img decoding=\"async\" itemprop=\"image\" src=\"https:\/\/www.ispm-service.com\/wp-content\/uploads\/2018\/06\/tyrannosaurus-fine-shredder.png\" alt=\"TYRANNOSAURUS\u00ae 1200 Fine Shredders\" \/><h3 style=\"color:#063182;\">TYRANNOSAURUS\u00ae 1200 Fine Shredders<\/h3><span style=\"margin: 6px 0px;\" class=\"separator transparent\"><\/span><span class=\"text_inside\">TYRANNOSAURUS\u00ae Fine Shredders are used to ensure the combustibility of the fuel by reducing the particle size as small as 25 mm. <\/span><\/div>[vc_separator type=\u00a0\u00bbtransparent\u00a0\u00bb up=\u00a0\u00bb70&Prime; down=\u00a0\u00bb0&Prime;][\/vc_column_inner][vc_column_inner width=\u00a0\u00bb1\/3&Prime;]<div class=\"image_with_text\"><img decoding=\"async\" itemprop=\"image\" src=\"https:\/\/www.ispm-service.com\/wp-content\/uploads\/2018\/06\/tyrannosaurus-air-classifier.png\" alt=\"TYRANNOSAURUS\u00ae 2500 Air Classifiers\" \/><h3 style=\"color:#063182;\">TYRANNOSAURUS\u00ae 2500 Air Classifiers<\/h3><span style=\"margin: 6px 0px;\" class=\"separator transparent\"><\/span><span class=\"text_inside\">TYRANNOSAURUS\u00ae2500 Air Classifiers produce light and clean fraction to maximize the fuel quality<\/span><\/div>[vc_separator type=\u00a0\u00bbtransparent\u00a0\u00bb up=\u00a0\u00bb70&Prime; down=\u00a0\u00bb0&Prime;][\/vc_column_inner][vc_column_inner width=\u00a0\u00bb1\/3&Prime;]<div class=\"image_with_text\"><img decoding=\"async\" itemprop=\"image\" src=\"https:\/\/www.ispm-service.com\/wp-content\/uploads\/2018\/06\/circularscrewreclaimer.png\" alt=\"TYRANNOSAURUS\u00ae Rotating Screw Reclaimers\" \/><h3 style=\"color:#063182;\">TYRANNOSAURUS\u00ae Rotating Screw Reclaimers<\/h3><span style=\"margin: 6px 0px;\" class=\"separator transparent\"><\/span><span class=\"text_inside\">TYRANNOSAURUS\u00ae Rotating Screw Reclaimers are suitable to discharge solid fuels from silos or round open-air storages. <\/span><\/div>[vc_separator type=\u00a0\u00bbtransparent\u00a0\u00bb up=\u00a0\u00bb70&Prime; down=\u00a0\u00bb0&Prime;][\/vc_column_inner][\/vc_row_inner][\/vc_column][\/vc_row][vc_row css_animation=\u00a0\u00bb\u00a0\u00bb row_type=\u00a0\u00bbrow\u00a0\u00bb use_row_as_full_screen_section=\u00a0\u00bbno\u00a0\u00bb type=\u00a0\u00bbgrid\u00a0\u00bb anchor=\u00a0\u00bbabout_us\u00a0\u00bb angled_section=\u00a0\u00bbno\u00a0\u00bb text_align=\u00a0\u00bbleft\u00a0\u00bb background_image_as_pattern=\u00a0\u00bbwithout_pattern\u00a0\u00bb background_color=\u00a0\u00bb#ffffff\u00a0\u00bb padding_top=\u00a0\u00bb70&Prime; css=\u00a0\u00bb.vc_custom_1520942808306{padding-top: 0px !important;}\u00a0\u00bb][vc_column width=\u00a0\u00bb1\/3&Prime;]<div class=\"image_with_text\"><img decoding=\"async\" itemprop=\"image\" src=\"https:\/\/www.ispm-service.com\/wp-content\/uploads\/2018\/06\/rotatyvalvefeeder-c.png\" alt=\"Rotary Valve Feeders\" \/><h3 style=\"color:#063182;\">Rotary Valve Feeders<\/h3><span style=\"margin: 6px 0px;\" class=\"separator transparent\"><\/span><span class=\"text_inside\">Rotary Valve Feeders are optimal solution for feeding and dosing variety of different fine-grained or dusty materials<\/span><\/div>[vc_separator type=\u00a0\u00bbtransparent\u00a0\u00bb up=\u00a0\u00bb70&Prime; down=\u00a0\u00bb0&Prime;][\/vc_column][vc_column width=\u00a0\u00bb1\/3&Prime;][vc_column_text]<\/p>\n<div class=\"text_inside1\" style=\"text-align: center; color: #063182;\">\n<p>Les solutions cl\u00e9s en main incluent toutes les \u00e9tapes du processus, de la r\u00e9ception des d\u00e9chets \u00e0 l\u2019alimentation du four. Les expertises BMH\/ISPM en manutention et en technologie de transformation de d\u00e9chets sont combin\u00e9es pour en faire un processus efficient et tr\u00e8s fiable.<\/p>\n<\/div>\n<p>[\/vc_column_text][vc_separator type=\u00a0\u00bbtransparent\u00a0\u00bb up=\u00a0\u00bb70&Prime; down=\u00a0\u00bb0&Prime;][\/vc_column][vc_column width=\u00a0\u00bb1\/3&Prime;][\/vc_column][\/vc_row][vc_row css_animation=\u00a0\u00bb\u00a0\u00bb row_type=\u00a0\u00bbrow\u00a0\u00bb use_row_as_full_screen_section=\u00a0\u00bbno\u00a0\u00bb type=\u00a0\u00bbgrid\u00a0\u00bb angled_section=\u00a0\u00bbno\u00a0\u00bb text_align=\u00a0\u00bbcenter\u00a0\u00bb background_image_as_pattern=\u00a0\u00bbwithout_pattern\u00a0\u00bb css=\u00a0\u00bb.vc_custom_1521117352906{margin-top: 10px !important;}\u00a0\u00bb el_class=\u00a0\u00bblastrow\u00a0\u00bb][vc_column][vc_single_image image=\u00a0\u00bb18028&Prime; img_size=\u00a0\u00bbfull\u00a0\u00bb alignment=\u00a0\u00bbcenter\u00a0\u00bb qode_css_animation=\u00a0\u00bb\u00a0\u00bb][\/vc_column][\/vc_row]<\/p>\n<\/div>","protected":false},"excerpt":{"rendered":"<p>[vc_row css_animation=\u00a0\u00bb\u00a0\u00bb row_type=\u00a0\u00bbrow\u00a0\u00bb use_row_as_full_screen_section=\u00a0\u00bbno\u00a0\u00bb type=\u00a0\u00bbgrid\u00a0\u00bb anchor=\u00a0\u00bbabout_us\u00a0\u00bb angled_section=\u00a0\u00bbno\u00a0\u00bb text_align=\u00a0\u00bbleft\u00a0\u00bb background_image_as_pattern=\u00a0\u00bbwithout_pattern\u00a0\u00bb background_color=\u00a0\u00bb#ffffff\u00a0\u00bb padding_top=\u00a0\u00bb70&Prime; el_class=\u00a0\u00bbstartpage\u00a0\u00bb][vc_column][vc_row_inner row_type=\u00a0\u00bbrow\u00a0\u00bb type=\u00a0\u00bbfull_width\u00a0\u00bb text_align=\u00a0\u00bbleft\u00a0\u00bb css_animation=\u00a0\u00bb\u00a0\u00bb][vc_column_inner el_class=\u00a0\u00bbcompany_services\u00a0\u00bb][vc_single_image image=\u00a0\u00bb17563&Prime; img_size=\u00a0\u00bbfull\u00a0\u00bb alignment=\u00a0\u00bbcenter\u00a0\u00bb qode_css_animation=\u00a0\u00bb\u00a0\u00bb][vc_column_text] T\u00e9l\u00e9charger le Catalogue [\/vc_column_text][vc_separator type=\u00a0\u00bbsmall\u00a0\u00bb position=\u00a0\u00bbcenter\u00a0\u00bb thickness=\u00a0\u00bb1&Prime; up=\u00a0\u00bb15&Prime; down=\u00a0\u00bb15&Prime;][vc_column_text] Catalogue G\u00e9n\u00e9ral [\/vc_column_text][\/vc_column_inner][\/vc_row_inner][vc_row_inner row_type=\u00a0\u00bbrow\u00a0\u00bb type=\u00a0\u00bbfull_width\u00a0\u00bb text_align=\u00a0\u00bbleft\u00a0\u00bb css_animation=\u00a0\u00bb\u00a0\u00bb el_id=\u00a0\u00bbstart_page\u00a0\u00bb][vc_column_inner width=\u00a0\u00bb1\/3&Prime;][vc_separator type=\u00a0\u00bbtransparent\u00a0\u00bb up=\u00a0\u00bb70&Prime; down=\u00a0\u00bb0&Prime;][\/vc_column_inner][vc_column_inner width=\u00a0\u00bb1\/3&Prime;][vc_separator type=\u00a0\u00bbtransparent\u00a0\u00bb up=\u00a0\u00bb70&Prime;&#8230;<\/p>\n","protected":false},"author":1,"featured_media":0,"parent":0,"menu_order":0,"comment_status":"closed","ping_status":"closed","template":"full_width.php","meta":{"footnotes":""},"class_list":["post-16118","page","type-page","status-publish","hentry"],"_links":{"self":[{"href":"https:\/\/www.ispm-service.com\/fr\/wp-json\/wp\/v2\/pages\/16118","targetHints":{"allow":["GET"]}}],"collection":[{"href":"https:\/\/www.ispm-service.com\/fr\/wp-json\/wp\/v2\/pages"}],"about":[{"href":"https:\/\/www.ispm-service.com\/fr\/wp-json\/wp\/v2\/types\/page"}],"author":[{"embeddable":true,"href":"https:\/\/www.ispm-service.com\/fr\/wp-json\/wp\/v2\/users\/1"}],"replies":[{"embeddable":true,"href":"https:\/\/www.ispm-service.com\/fr\/wp-json\/wp\/v2\/comments?post=16118"}],"version-history":[{"count":31,"href":"https:\/\/www.ispm-service.com\/fr\/wp-json\/wp\/v2\/pages\/16118\/revisions"}],"predecessor-version":[{"id":18029,"href":"https:\/\/www.ispm-service.com\/fr\/wp-json\/wp\/v2\/pages\/16118\/revisions\/18029"}],"wp:attachment":[{"href":"https:\/\/www.ispm-service.com\/fr\/wp-json\/wp\/v2\/media?parent=16118"}],"curies":[{"name":"wp","href":"https:\/\/api.w.org\/{rel}","templated":true}]}}