{"id":16111,"date":"2018-03-04T22:33:07","date_gmt":"2018-03-04T22:33:07","guid":{"rendered":"https:\/\/www.ispm-service.com\/?page_id=16111"},"modified":"2018-06-06T23:17:06","modified_gmt":"2018-06-06T23:17:06","slug":"pneumatic-conveying","status":"publish","type":"page","link":"https:\/\/www.ispm-service.com\/fr\/pneumatic-conveying\/","title":{"rendered":"Pneumatic Conveying"},"content":{"rendered":"<div class=\"wpb-content-wrapper\"><p>[vc_row css_animation=\u00a0\u00bb\u00a0\u00bb row_type=\u00a0\u00bbrow\u00a0\u00bb use_row_as_full_screen_section=\u00a0\u00bbno\u00a0\u00bb type=\u00a0\u00bbgrid\u00a0\u00bb anchor=\u00a0\u00bbabout_us\u00a0\u00bb angled_section=\u00a0\u00bbno\u00a0\u00bb text_align=\u00a0\u00bbleft\u00a0\u00bb background_image_as_pattern=\u00a0\u00bbwithout_pattern\u00a0\u00bb background_color=\u00a0\u00bb#ffffff\u00a0\u00bb padding_top=\u00a0\u00bb70&Prime; el_class=\u00a0\u00bbstartpage\u00a0\u00bb][vc_column][vc_row_inner row_type=\u00a0\u00bbrow\u00a0\u00bb type=\u00a0\u00bbfull_width\u00a0\u00bb text_align=\u00a0\u00bbleft\u00a0\u00bb css_animation=\u00a0\u00bb\u00a0\u00bb][vc_column_inner el_class=\u00a0\u00bbcompany_services\u00a0\u00bb][vc_single_image image=\u00a0\u00bb17565&Prime; img_size=\u00a0\u00bbfull\u00a0\u00bb alignment=\u00a0\u00bbcenter\u00a0\u00bb qode_css_animation=\u00a0\u00bb\u00a0\u00bb][vc_column_text]<\/p>\n<h3 style=\"color: #063182; text-align: center;\"><a href=\"https:\/\/www.ispm-service.com\/wp-content\/uploads\/2018\/05\/pneumatic-conveving_fr.pdf\" target=\"_blank\" rel=\"noopener\">T\u00e9l\u00e9charger le Catalogue<\/a><\/h3>\n<p>[\/vc_column_text][vc_separator type=\u00a0\u00bbsmall\u00a0\u00bb position=\u00a0\u00bbcenter\u00a0\u00bb thickness=\u00a0\u00bb1&Prime; up=\u00a0\u00bb15&Prime; down=\u00a0\u00bb15&Prime;][vc_column_text]<\/p>\n<h3 style=\"color: #063182; text-align: center;\"><a href=\"https:\/\/www.ispm-service.com\/wp-content\/uploads\/2018\/05\/Online_Final_ISPM_Catalogue_2018.pdf\" target=\"_blank\" rel=\"noopener\">Catalogue G\u00e9n\u00e9ral<\/a><\/h3>\n<p>[\/vc_column_text][\/vc_column_inner][\/vc_row_inner][vc_row_inner row_type=\u00a0\u00bbrow\u00a0\u00bb type=\u00a0\u00bbfull_width\u00a0\u00bb text_align=\u00a0\u00bbleft\u00a0\u00bb css_animation=\u00a0\u00bb\u00a0\u00bb el_id=\u00a0\u00bbstart_page\u00a0\u00bb][vc_column_inner width=\u00a0\u00bb1\/3&Prime;]<div class=\"image_with_text\"><img decoding=\"async\" itemprop=\"image\" src=\"https:\/\/www.ispm-service.com\/wp-content\/uploads\/2018\/06\/rotary_airlock.png\" alt=\"Rotary Airlock Feeders\" \/><h3 style=\"color:#063182;\">Rotary Airlock Feeders<\/h3><span style=\"margin: 6px 0px;\" class=\"separator transparent\"><\/span><span class=\"text_inside\">For feeding material into high\/low pressure pneumatic conveying systems and boiler feed systems.<\/span><\/div>[vc_separator type=\u00a0\u00bbtransparent\u00a0\u00bb up=\u00a0\u00bb70&Prime; down=\u00a0\u00bb0&Prime;][\/vc_column_inner][vc_column_inner width=\u00a0\u00bb1\/3&Prime;]<div class=\"image_with_text\"><img decoding=\"async\" itemprop=\"image\" src=\"https:\/\/www.ispm-service.com\/wp-content\/uploads\/2018\/06\/elbow.png\" alt=\"Mark III Elbows\" \/><h3 style=\"color:#063182;\">Mark III Elbows<\/h3><span style=\"margin: 6px 0px;\" class=\"separator transparent\"><\/span><span class=\"text_inside\">Mark III flat back elbow for pneumatic conveyor applications is specially designed to reduce energy consumption, reduce wear and help eliminate fiber damage.<\/span><\/div>[vc_separator type=\u00a0\u00bbtransparent\u00a0\u00bb up=\u00a0\u00bb70&Prime; down=\u00a0\u00bb0&Prime;][\/vc_column_inner][vc_column_inner width=\u00a0\u00bb1\/3&Prime;]<div class=\"image_with_text\"><img decoding=\"async\" itemprop=\"image\" src=\"https:\/\/www.ispm-service.com\/wp-content\/uploads\/2018\/06\/assemblybelt.png\" alt=\"Blower Assemblies with Belt or Direct Drive\" \/><h3 style=\"color:#063182;\">Blower Assemblies with Belt or Direct Drive<\/h3><span style=\"margin: 6px 0px;\" class=\"separator transparent\"><\/span><span class=\"text_inside\">Jeffrey Rader uses standard positive displacement blowers to deliver a steady volume of air at constant velocity.<\/span><\/div>[vc_separator type=\u00a0\u00bbtransparent\u00a0\u00bb up=\u00a0\u00bb70&Prime; down=\u00a0\u00bb0&Prime;][\/vc_column_inner][\/vc_row_inner][\/vc_column][\/vc_row][vc_row css_animation=\u00a0\u00bb\u00a0\u00bb row_type=\u00a0\u00bbrow\u00a0\u00bb use_row_as_full_screen_section=\u00a0\u00bbno\u00a0\u00bb type=\u00a0\u00bbgrid\u00a0\u00bb anchor=\u00a0\u00bbabout_us\u00a0\u00bb angled_section=\u00a0\u00bbno\u00a0\u00bb text_align=\u00a0\u00bbleft\u00a0\u00bb background_image_as_pattern=\u00a0\u00bbwithout_pattern\u00a0\u00bb background_color=\u00a0\u00bb#ffffff\u00a0\u00bb padding_top=\u00a0\u00bb70&Prime; css=\u00a0\u00bb.vc_custom_1520942808306{padding-top: 0px !important;}\u00a0\u00bb][vc_column width=\u00a0\u00bb1\/3&Prime;]<div class=\"image_with_text\"><img decoding=\"async\" itemprop=\"image\" src=\"https:\/\/www.ispm-service.com\/wp-content\/uploads\/2018\/06\/cyclone.png\" alt=\"Rotary Airlock Feeders\" \/><h3 style=\"color:#063182;\">Rotary Airlock Feeders<\/h3><span style=\"margin: 6px 0px;\" class=\"separator transparent\"><\/span><span class=\"text_inside\">For feeding material into high\/low pressure pneumatic conveying systems and boiler feed systems.<\/span><\/div>[vc_separator type=\u00a0\u00bbtransparent\u00a0\u00bb up=\u00a0\u00bb70&Prime; down=\u00a0\u00bb0&Prime;][\/vc_column][vc_column width=\u00a0\u00bb1\/3&Prime;][\/vc_column][vc_column width=\u00a0\u00bb1\/3&Prime; el_class=\u00a0\u00bbrow_descricao2&Prime;][vc_column_text]<\/p>\n<div class=\"text_inside1\" style=\"text-align: center; color: #063182;\">\n<p>Transport efficient de plaquettes, \u00e9corces et CSR (combustibles solides de r\u00e9cup\u00e9ration) sur de longues distances, \u00e9l\u00e9vations brutales ou injection directe de produits bois dans une chaudi\u00e8re.<br \/>\nLa capacit\u00e9 de transport pneumatique peut aller jusqu\u2019\u00e0 d\u00e9passer 1000 tonnes\/heure. Jeffrey Rader con\u00e7oit et fabrique des valves rotatives robustes, des cyclones, des coudes anti corrosion, des conduits et des souffleries pour des syst\u00e8mes exigeants, de haute pression et large capacit\u00e9 et des applications de convoyage pneumatique pour les produits abrasifs.<br \/>\nAvec plus de 50 ann\u00e9es d\u2019exp\u00e9rience et des milliers d\u2019installations dans des usines de p\u00e2te \u00e0 papier et papeteries dans le monde entier, Jeffrey Rader a toute l\u2019expertise pour concevoir et r\u00e9aliser votre syst\u00e8me de transport pneumatique.<\/p>\n<\/div>\n<p>[\/vc_column_text][\/vc_column][\/vc_row][vc_row css_animation=\u00a0\u00bb\u00a0\u00bb row_type=\u00a0\u00bbrow\u00a0\u00bb use_row_as_full_screen_section=\u00a0\u00bbno\u00a0\u00bb type=\u00a0\u00bbgrid\u00a0\u00bb angled_section=\u00a0\u00bbno\u00a0\u00bb text_align=\u00a0\u00bbcenter\u00a0\u00bb background_image_as_pattern=\u00a0\u00bbwithout_pattern\u00a0\u00bb css=\u00a0\u00bb.vc_custom_1521117210602{margin-top: 10px !important;}\u00a0\u00bb el_class=\u00a0\u00bblastrow\u00a0\u00bb][vc_column][vc_single_image image=\u00a0\u00bb18051&Prime; img_size=\u00a0\u00bbfull\u00a0\u00bb alignment=\u00a0\u00bbcenter\u00a0\u00bb qode_css_animation=\u00a0\u00bb\u00a0\u00bb][\/vc_column][\/vc_row]<\/p>\n<\/div>","protected":false},"excerpt":{"rendered":"<p>[vc_row css_animation=\u00a0\u00bb\u00a0\u00bb row_type=\u00a0\u00bbrow\u00a0\u00bb use_row_as_full_screen_section=\u00a0\u00bbno\u00a0\u00bb type=\u00a0\u00bbgrid\u00a0\u00bb anchor=\u00a0\u00bbabout_us\u00a0\u00bb angled_section=\u00a0\u00bbno\u00a0\u00bb text_align=\u00a0\u00bbleft\u00a0\u00bb background_image_as_pattern=\u00a0\u00bbwithout_pattern\u00a0\u00bb background_color=\u00a0\u00bb#ffffff\u00a0\u00bb padding_top=\u00a0\u00bb70&Prime; el_class=\u00a0\u00bbstartpage\u00a0\u00bb][vc_column][vc_row_inner row_type=\u00a0\u00bbrow\u00a0\u00bb type=\u00a0\u00bbfull_width\u00a0\u00bb text_align=\u00a0\u00bbleft\u00a0\u00bb css_animation=\u00a0\u00bb\u00a0\u00bb][vc_column_inner el_class=\u00a0\u00bbcompany_services\u00a0\u00bb][vc_single_image image=\u00a0\u00bb17565&Prime; img_size=\u00a0\u00bbfull\u00a0\u00bb alignment=\u00a0\u00bbcenter\u00a0\u00bb qode_css_animation=\u00a0\u00bb\u00a0\u00bb][vc_column_text] T\u00e9l\u00e9charger le Catalogue [\/vc_column_text][vc_separator type=\u00a0\u00bbsmall\u00a0\u00bb position=\u00a0\u00bbcenter\u00a0\u00bb thickness=\u00a0\u00bb1&Prime; up=\u00a0\u00bb15&Prime; down=\u00a0\u00bb15&Prime;][vc_column_text] Catalogue G\u00e9n\u00e9ral [\/vc_column_text][\/vc_column_inner][\/vc_row_inner][vc_row_inner row_type=\u00a0\u00bbrow\u00a0\u00bb type=\u00a0\u00bbfull_width\u00a0\u00bb text_align=\u00a0\u00bbleft\u00a0\u00bb css_animation=\u00a0\u00bb\u00a0\u00bb el_id=\u00a0\u00bbstart_page\u00a0\u00bb][vc_column_inner width=\u00a0\u00bb1\/3&Prime;][vc_separator type=\u00a0\u00bbtransparent\u00a0\u00bb up=\u00a0\u00bb70&Prime; down=\u00a0\u00bb0&Prime;][\/vc_column_inner][vc_column_inner width=\u00a0\u00bb1\/3&Prime;][vc_separator type=\u00a0\u00bbtransparent\u00a0\u00bb up=\u00a0\u00bb70&Prime;&#8230;<\/p>\n","protected":false},"author":1,"featured_media":0,"parent":0,"menu_order":0,"comment_status":"closed","ping_status":"closed","template":"full_width.php","meta":{"footnotes":""},"class_list":["post-16111","page","type-page","status-publish","hentry"],"_links":{"self":[{"href":"https:\/\/www.ispm-service.com\/fr\/wp-json\/wp\/v2\/pages\/16111","targetHints":{"allow":["GET"]}}],"collection":[{"href":"https:\/\/www.ispm-service.com\/fr\/wp-json\/wp\/v2\/pages"}],"about":[{"href":"https:\/\/www.ispm-service.com\/fr\/wp-json\/wp\/v2\/types\/page"}],"author":[{"embeddable":true,"href":"https:\/\/www.ispm-service.com\/fr\/wp-json\/wp\/v2\/users\/1"}],"replies":[{"embeddable":true,"href":"https:\/\/www.ispm-service.com\/fr\/wp-json\/wp\/v2\/comments?post=16111"}],"version-history":[{"count":25,"href":"https:\/\/www.ispm-service.com\/fr\/wp-json\/wp\/v2\/pages\/16111\/revisions"}],"predecessor-version":[{"id":18052,"href":"https:\/\/www.ispm-service.com\/fr\/wp-json\/wp\/v2\/pages\/16111\/revisions\/18052"}],"wp:attachment":[{"href":"https:\/\/www.ispm-service.com\/fr\/wp-json\/wp\/v2\/media?parent=16111"}],"curies":[{"name":"wp","href":"https:\/\/api.w.org\/{rel}","templated":true}]}}