{"id":16109,"date":"2018-03-04T22:32:43","date_gmt":"2018-03-04T22:32:43","guid":{"rendered":"https:\/\/www.ispm-service.com\/?page_id=16109"},"modified":"2018-06-06T23:43:20","modified_gmt":"2018-06-06T23:43:20","slug":"drying-system","status":"publish","type":"page","link":"https:\/\/www.ispm-service.com\/fr\/drying-system\/","title":{"rendered":"Drying System"},"content":{"rendered":"<div class=\"wpb-content-wrapper\"><p>[vc_row css_animation=\u00a0\u00bb\u00a0\u00bb row_type=\u00a0\u00bbrow\u00a0\u00bb use_row_as_full_screen_section=\u00a0\u00bbno\u00a0\u00bb type=\u00a0\u00bbgrid\u00a0\u00bb anchor=\u00a0\u00bbabout_us\u00a0\u00bb angled_section=\u00a0\u00bbno\u00a0\u00bb text_align=\u00a0\u00bbleft\u00a0\u00bb background_image_as_pattern=\u00a0\u00bbwithout_pattern\u00a0\u00bb background_color=\u00a0\u00bb#ffffff\u00a0\u00bb padding_top=\u00a0\u00bb70&Prime; el_class=\u00a0\u00bbstartpage\u00a0\u00bb][vc_column][vc_row_inner row_type=\u00a0\u00bbrow\u00a0\u00bb type=\u00a0\u00bbfull_width\u00a0\u00bb text_align=\u00a0\u00bbleft\u00a0\u00bb css_animation=\u00a0\u00bb\u00a0\u00bb][vc_column_inner el_class=\u00a0\u00bbcompany_services\u00a0\u00bb][vc_single_image image=\u00a0\u00bb17568&Prime; img_size=\u00a0\u00bbfull\u00a0\u00bb alignment=\u00a0\u00bbcenter\u00a0\u00bb qode_css_animation=\u00a0\u00bb\u00a0\u00bb][vc_column_text]<\/p>\n<h3 style=\"color: #063182; text-align: center;\"><a href=\"https:\/\/www.ispm-service.com\/wp-content\/uploads\/2018\/05\/Drying-system_fr.pdf\" target=\"_blank\" rel=\"noopener\">T\u00e9l\u00e9charger le Catalogue<\/a><\/h3>\n<p>[\/vc_column_text][vc_separator type=\u00a0\u00bbsmall\u00a0\u00bb position=\u00a0\u00bbcenter\u00a0\u00bb thickness=\u00a0\u00bb1&Prime; up=\u00a0\u00bb15&Prime; down=\u00a0\u00bb15&Prime;][vc_column_text]<\/p>\n<h3 style=\"color: #063182; text-align: center;\"><a href=\"https:\/\/www.ispm-service.com\/wp-content\/uploads\/2018\/05\/Online_Final_ISPM_Catalogue_2018.pdf\" target=\"_blank\" rel=\"noopener\">Catalogue G\u00e9n\u00e9ral<\/a><\/h3>\n<p>[\/vc_column_text][\/vc_column_inner][\/vc_row_inner][vc_row_inner row_type=\u00a0\u00bbrow\u00a0\u00bb type=\u00a0\u00bbfull_width\u00a0\u00bb text_align=\u00a0\u00bbleft\u00a0\u00bb css_animation=\u00a0\u00bb\u00a0\u00bb][vc_column_inner][vc_column_text]<\/p>\n<div class=\"text_inside5\" style=\"text-align: center; color: #063182;\">\n<p>Dans le monde entier, de nombreux syst\u00e8mes de s\u00e9chage obsol\u00e8tes sont encore en service, qui consomment trop d\u2019\u00e9nergie. M\u00eame les moins mauvais atteignent 1.5 Kwh voire 2.0 Kwh par kg d\u2019eau \u00e9vapor\u00e9e. En comparaison, la grande majorit\u00e9 de nos syst\u00e8mes consomment moins de 1Kwh\/kg. Nous avons d\u00e9cid\u00e9 d\u2019instaurer ceci dans tous nos syst\u00e8mes et m\u00eame d\u2019aller plus loin car si l\u2019on prend en compte la chaleur de condensation de nos s\u00e9choirs \u00e0 bandes, on peut atteindre 0.4Kwh\/Kg.<\/p>\n<p>Agriculture | Panneaux de bois | P\u00e2te \u00e0 papier et papeteries<\/p>\n<p>Ganul\u00e9s | Cimenteries | Centrales \u00e0 biomasse<\/p>\n<p>Iindustrie alimentaire pour hommes, animaux de compagnie et b\u00e9tail | Traitement des d\u00e9chets<\/p>\n<\/div>\n<p>[\/vc_column_text][\/vc_column_inner][\/vc_row_inner][\/vc_column][\/vc_row][vc_row css_animation=\u00a0\u00bb\u00a0\u00bb row_type=\u00a0\u00bbrow\u00a0\u00bb use_row_as_full_screen_section=\u00a0\u00bbno\u00a0\u00bb type=\u00a0\u00bbgrid\u00a0\u00bb angled_section=\u00a0\u00bbno\u00a0\u00bb text_align=\u00a0\u00bbcenter\u00a0\u00bb background_image_as_pattern=\u00a0\u00bbwithout_pattern\u00a0\u00bb css=\u00a0\u00bb.vc_custom_1523455228155{margin-top: 90px !important;margin-bottom: 50px !important;}\u00a0\u00bb][vc_column][vc_gallery type=\u00a0\u00bbimage_grid\u00a0\u00bb images=\u00a0\u00bb18065,18067,18066&Prime; img_size=\u00a0\u00bbfull\u00a0\u00bb column_number=\u00a0\u00bb2&Prime; grayscale=\u00a0\u00bbno\u00a0\u00bb images_space=\u00a0\u00bbgallery_with_space\u00a0\u00bb el_class=\u00a0\u00bbdrying_gal\u00a0\u00bb][\/vc_column][\/vc_row]<\/p>\n<\/div>","protected":false},"excerpt":{"rendered":"<p>[vc_row css_animation=\u00a0\u00bb\u00a0\u00bb row_type=\u00a0\u00bbrow\u00a0\u00bb use_row_as_full_screen_section=\u00a0\u00bbno\u00a0\u00bb type=\u00a0\u00bbgrid\u00a0\u00bb anchor=\u00a0\u00bbabout_us\u00a0\u00bb angled_section=\u00a0\u00bbno\u00a0\u00bb text_align=\u00a0\u00bbleft\u00a0\u00bb background_image_as_pattern=\u00a0\u00bbwithout_pattern\u00a0\u00bb background_color=\u00a0\u00bb#ffffff\u00a0\u00bb padding_top=\u00a0\u00bb70&Prime; el_class=\u00a0\u00bbstartpage\u00a0\u00bb][vc_column][vc_row_inner row_type=\u00a0\u00bbrow\u00a0\u00bb type=\u00a0\u00bbfull_width\u00a0\u00bb text_align=\u00a0\u00bbleft\u00a0\u00bb css_animation=\u00a0\u00bb\u00a0\u00bb][vc_column_inner el_class=\u00a0\u00bbcompany_services\u00a0\u00bb][vc_single_image image=\u00a0\u00bb17568&Prime; img_size=\u00a0\u00bbfull\u00a0\u00bb alignment=\u00a0\u00bbcenter\u00a0\u00bb qode_css_animation=\u00a0\u00bb\u00a0\u00bb][vc_column_text] T\u00e9l\u00e9charger le Catalogue [\/vc_column_text][vc_separator type=\u00a0\u00bbsmall\u00a0\u00bb position=\u00a0\u00bbcenter\u00a0\u00bb thickness=\u00a0\u00bb1&Prime; up=\u00a0\u00bb15&Prime; down=\u00a0\u00bb15&Prime;][vc_column_text] Catalogue G\u00e9n\u00e9ral [\/vc_column_text][\/vc_column_inner][\/vc_row_inner][vc_row_inner row_type=\u00a0\u00bbrow\u00a0\u00bb type=\u00a0\u00bbfull_width\u00a0\u00bb text_align=\u00a0\u00bbleft\u00a0\u00bb css_animation=\u00a0\u00bb\u00a0\u00bb][vc_column_inner][vc_column_text] Dans le monde entier, de nombreux syst\u00e8mes de&#8230;<\/p>\n","protected":false},"author":1,"featured_media":0,"parent":0,"menu_order":0,"comment_status":"closed","ping_status":"closed","template":"full_width.php","meta":{"footnotes":""},"class_list":["post-16109","page","type-page","status-publish","hentry"],"_links":{"self":[{"href":"https:\/\/www.ispm-service.com\/fr\/wp-json\/wp\/v2\/pages\/16109","targetHints":{"allow":["GET"]}}],"collection":[{"href":"https:\/\/www.ispm-service.com\/fr\/wp-json\/wp\/v2\/pages"}],"about":[{"href":"https:\/\/www.ispm-service.com\/fr\/wp-json\/wp\/v2\/types\/page"}],"author":[{"embeddable":true,"href":"https:\/\/www.ispm-service.com\/fr\/wp-json\/wp\/v2\/users\/1"}],"replies":[{"embeddable":true,"href":"https:\/\/www.ispm-service.com\/fr\/wp-json\/wp\/v2\/comments?post=16109"}],"version-history":[{"count":34,"href":"https:\/\/www.ispm-service.com\/fr\/wp-json\/wp\/v2\/pages\/16109\/revisions"}],"predecessor-version":[{"id":18069,"href":"https:\/\/www.ispm-service.com\/fr\/wp-json\/wp\/v2\/pages\/16109\/revisions\/18069"}],"wp:attachment":[{"href":"https:\/\/www.ispm-service.com\/fr\/wp-json\/wp\/v2\/media?parent=16109"}],"curies":[{"name":"wp","href":"https:\/\/api.w.org\/{rel}","templated":true}]}}